{"id":911,"date":"2022-04-04T19:46:16","date_gmt":"2022-04-04T19:46:16","guid":{"rendered":"https:\/\/bhtenet.com.br\/bioclin\/?page_id=911"},"modified":"2022-08-03T23:06:03","modified_gmt":"2022-08-03T23:06:03","slug":"conteudos-tecnicos","status":"publish","type":"page","link":"https:\/\/www.bioclin.com.br\/es\/conteudos-tecnicos\/","title":{"rendered":"Conte\u00fados T\u00e9cnicos"},"content":{"rendered":"\t\t<div data-elementor-type=\"wp-page\" data-elementor-id=\"911\" class=\"elementor elementor-911\">\n\t\t\t\t\t\t\t\t\t<section data-particle_enable=\"false\" data-particle-mobile-disabled=\"false\" class=\"elementor-section elementor-top-section elementor-element elementor-element-53ac9753 elementor-section-boxed elementor-section-height-default elementor-section-height-default\" data-id=\"53ac9753\" data-element_type=\"section\">\n\t\t\t\t\t\t<div class=\"elementor-container elementor-column-gap-default\">\n\t\t\t\t\t<div class=\"elementor-column elementor-col-100 elementor-top-column elementor-element elementor-element-139f123d\" data-id=\"139f123d\" data-element_type=\"column\">\n\t\t\t<div class=\"elementor-widget-wrap elementor-element-populated\">\n\t\t\t\t\t\t\t\t<div class=\"elementor-element elementor-element-60580ae0 elementor-widget elementor-widget-heading\" data-id=\"60580ae0\" data-element_type=\"widget\" data-widget_type=\"heading.default\">\n\t\t\t\t<div class=\"elementor-widget-container\">\n\t\t\t<h2 class=\"elementor-heading-title elementor-size-default\">Contenidos t\u00e9cnicos\n<\/h2>\t\t<\/div>\n\t\t\t\t<\/div>\n\t\t\t\t<div class=\"elementor-element elementor-element-98829ad elementor-widget elementor-widget-heading\" data-id=\"98829ad\" data-element_type=\"widget\" data-widget_type=\"heading.default\">\n\t\t\t\t<div class=\"elementor-widget-container\">\n\t\t\t<h2 class=\"elementor-heading-title elementor-size-default\">Informaci\u00f3n pr\u00f3ximamente!\n<\/h2>\t\t<\/div>\n\t\t\t\t<\/div>\n\t\t\t\t<section data-particle_enable=\"false\" data-particle-mobile-disabled=\"false\" class=\"elementor-section elementor-inner-section elementor-element elementor-element-7f42de83 elementor-hidden-desktop elementor-hidden-tablet elementor-hidden-mobile elementor-section-boxed elementor-section-height-default elementor-section-height-default\" data-id=\"7f42de83\" data-element_type=\"section\">\n\t\t\t\t\t\t<div class=\"elementor-container elementor-column-gap-default\">\n\t\t\t\t\t<div class=\"elementor-column elementor-col-100 elementor-inner-column elementor-element elementor-element-12c7fc94\" data-id=\"12c7fc94\" data-element_type=\"column\">\n\t\t\t<div class=\"elementor-widget-wrap elementor-element-populated\">\n\t\t\t\t\t\t\t\t<div class=\"elementor-element elementor-element-392843e5 elementor-widget elementor-widget-eael-post-carousel\" data-id=\"392843e5\" data-element_type=\"widget\" data-widget_type=\"eael-post-carousel.default\">\n\t\t\t\t<div class=\"elementor-widget-container\">\n\t\t\t        <div class=\"swiper-container-wrap eael-logo-carousel-wrap eael-post-grid-container eael-post-carousel-wrap eael-post-carousel-style-three\" id=\"eael-post-grid-392843e5\">\n            <div class=\"swiper-container eael-post-carousel eael-post-grid swiper-container-392843e5 eael-post-appender-392843e5 show-read-more-button\" data-pagination=\".swiper-pagination-392843e5\" data-arrow-next=\".swiper-button-next-392843e5\" data-arrow-prev=\".swiper-button-prev-392843e5\" data-items=\"4\" data-items-tablet=\"2\" data-items-mobile=\"1\" data-margin=\"10\" data-effect=\"slide\" data-speed=\"400\" data-autoplay=\"2000\" data-loop=\"1\" data-arrows=\"1\">\n                <div class=\"swiper-wrapper\">\n                    <div class=\"swiper-slide\"><article class=\"eael-grid-post eael-post-grid-column\">\n    <div class=\"eael-grid-post-holder\">\n        <div class=\"eael-grid-post-holder-inner\"><div class=\"eael-entry-media eael-entry-medianone\"><ul class=\"post-carousel-categories\"><li><a href=\"https:\/\/www.bioclin.com.br\/es\/category\/noticias\/\">Not\u00edcias<\/a><\/li><\/ul><div class=\"eael-entry-overlay fade-in\"><i class=\"fas fa-long-arrow-alt-right\" aria-hidden=\"true\"><\/i><a href=\"https:\/\/www.bioclin.com.br\/es\/bioclin-feira-medica-trade-fair-14-a-17-de-novembro\/\"><\/a><\/div><div class=\"eael-entry-thumbnail\">\n                <img decoding=\"async\" src=\"https:\/\/www.bioclin.com.br\/es\/wp-content\/uploads\/2022\/08\/MEDICA-1-300x169.png\" alt=\"\">\n                <a href=\"https:\/\/www.bioclin.com.br\/es\/bioclin-feira-medica-trade-fair-14-a-17-de-novembro\/\"><\/a>\n            <\/div><\/div><span class=\"eael-meta-posted-on\"><time datetime=\"2022-08-22\"><span>22<\/span>agosto<\/time><\/span><div class=\"eael-entry-wrapper\"><header class=\"eael-entry-header\"><h2 class=\"eael-entry-title\"><a class=\"eael-grid-post-link\" href=\"https:\/\/www.bioclin.com.br\/es\/bioclin-feira-medica-trade-fair-14-a-17-de-novembro\/\" title=\"FEIRA MEDICA TRADE FAIR\u200b\">FEIRA MEDICA TRADE FAIR\u200b<\/a><\/h2><\/header><\/div><div class=\"eael-entry-content\">\n            <div class=\"eael-grid-post-excerpt\"><p>Bioclin\u00a0Global estar\u00e1 presente\u00a0en\u00a0la\u00a0Feria M\u00e9dica,\u00a0el\u00a0mayor\u00a0evento\u00a0del\u00a0sector m\u00e9dico\u00a0en\u00a0el mundo. El evento\u00a0atrae\u00a0a\u00a0miles\u00a0de expositores de...<\/p><div class=\"eael-post-elements-readmore-wrap\"><a href=\"https:\/\/www.bioclin.com.br\/es\/bioclin-feira-medica-trade-fair-14-a-17-de-novembro\/\" class=\"eael-post-elements-readmore-btn\">SABER M\u00c1S<\/a><\/div><\/div>\n        <\/div><\/div><\/div><\/article><\/div><div class=\"swiper-slide\"><article class=\"eael-grid-post eael-post-grid-column\">\n    <div class=\"eael-grid-post-holder\">\n        <div class=\"eael-grid-post-holder-inner\"><div class=\"eael-entry-media eael-entry-medianone\"><ul class=\"post-carousel-categories\"><li><a href=\"https:\/\/www.bioclin.com.br\/es\/category\/noticias\/\">Not\u00edcias<\/a><\/li><\/ul><div class=\"eael-entry-overlay fade-in\"><i class=\"fas fa-long-arrow-alt-right\" aria-hidden=\"true\"><\/i><a href=\"https:\/\/www.bioclin.com.br\/es\/bioclin-feira-fime-27-28-e-29-de-julho-em-miami-estados-unidos\/\"><\/a><\/div><div class=\"eael-entry-thumbnail\">\n                <img decoding=\"async\" src=\"https:\/\/www.bioclin.com.br\/es\/wp-content\/uploads\/2022\/08\/FIME-1-300x169.png\" alt=\"\">\n                <a href=\"https:\/\/www.bioclin.com.br\/es\/bioclin-feira-fime-27-28-e-29-de-julho-em-miami-estados-unidos\/\"><\/a>\n            <\/div><\/div><span class=\"eael-meta-posted-on\"><time datetime=\"2022-08-22\"><span>22<\/span>agosto<\/time><\/span><div class=\"eael-entry-wrapper\"><header class=\"eael-entry-header\"><h2 class=\"eael-entry-title\"><a class=\"eael-grid-post-link\" href=\"https:\/\/www.bioclin.com.br\/es\/bioclin-feira-fime-27-28-e-29-de-julho-em-miami-estados-unidos\/\" title=\"FEIRA FIME\u200b\">FEIRA FIME\u200b<\/a><\/h2><\/header><\/div><div class=\"eael-entry-content\">\n            <div class=\"eael-grid-post-excerpt\"><p>Bioclin\u00a0Global se reunir\u00e1\u00a0con\u00a0los\u00a0principales\u00a0profesionales\u00a0de\u00a0la\u00a0salud\u00a0del\u00a0mundo\u00a0en\u00a0la\u00a0Florida\u00a0International\u00a0Medical Expo (FIME)\u00a0los\u00a0d\u00edas\u00a027, 28 y 29 de\u00a0julio\u00a0en\u00a0Miami, Estados...<\/p><div class=\"eael-post-elements-readmore-wrap\"><a href=\"https:\/\/www.bioclin.com.br\/es\/bioclin-feira-fime-27-28-e-29-de-julho-em-miami-estados-unidos\/\" class=\"eael-post-elements-readmore-btn\">SABER M\u00c1S<\/a><\/div><\/div>\n        <\/div><\/div><\/div><\/article><\/div><div class=\"swiper-slide\"><article class=\"eael-grid-post eael-post-grid-column\">\n    <div class=\"eael-grid-post-holder\">\n        <div class=\"eael-grid-post-holder-inner\"><div class=\"eael-entry-media eael-entry-medianone\"><ul class=\"post-carousel-categories\"><li><a href=\"https:\/\/www.bioclin.com.br\/es\/category\/noticias\/\">Not\u00edcias<\/a><\/li><\/ul><div class=\"eael-entry-overlay fade-in\"><i class=\"fas fa-long-arrow-alt-right\" aria-hidden=\"true\"><\/i><a href=\"https:\/\/www.bioclin.com.br\/es\/bioclin-aacc-anual-meeting-24-25-26-27-e-28-de-julho-2022\/\"><\/a><\/div><div class=\"eael-entry-thumbnail\">\n                <img decoding=\"async\" src=\"https:\/\/www.bioclin.com.br\/es\/wp-content\/uploads\/2022\/08\/AACC-300x169.png\" alt=\"\">\n                <a href=\"https:\/\/www.bioclin.com.br\/es\/bioclin-aacc-anual-meeting-24-25-26-27-e-28-de-julho-2022\/\"><\/a>\n            <\/div><\/div><span class=\"eael-meta-posted-on\"><time datetime=\"2022-08-22\"><span>22<\/span>agosto<\/time><\/span><div class=\"eael-entry-wrapper\"><header class=\"eael-entry-header\"><h2 class=\"eael-entry-title\"><a class=\"eael-grid-post-link\" href=\"https:\/\/www.bioclin.com.br\/es\/bioclin-aacc-anual-meeting-24-25-26-27-e-28-de-julho-2022\/\" title=\"AACC ANUAL MEETING\u200b\">AACC ANUAL MEETING\u200b<\/a><\/h2><\/header><\/div><div class=\"eael-entry-content\">\n            <div class=\"eael-grid-post-excerpt\"><p>Bioclin Global estar\u00e1 presente en la AACC Annual Meeting &amp;...<\/p><div class=\"eael-post-elements-readmore-wrap\"><a href=\"https:\/\/www.bioclin.com.br\/es\/bioclin-aacc-anual-meeting-24-25-26-27-e-28-de-julho-2022\/\" class=\"eael-post-elements-readmore-btn\">SABER M\u00c1S<\/a><\/div><\/div>\n        <\/div><\/div><\/div><\/article><\/div><div class=\"swiper-slide\"><article class=\"eael-grid-post eael-post-grid-column\">\n    <div class=\"eael-grid-post-holder\">\n        <div class=\"eael-grid-post-holder-inner\"><div class=\"eael-entry-media eael-entry-medianone\"><ul class=\"post-carousel-categories\"><li><a href=\"https:\/\/www.bioclin.com.br\/es\/category\/noticias\/\">Not\u00edcias<\/a><\/li><\/ul><div class=\"eael-entry-overlay fade-in\"><i class=\"fas fa-long-arrow-alt-right\" aria-hidden=\"true\"><\/i><a href=\"https:\/\/www.bioclin.com.br\/es\/bioclin-feira-meditech-vii-meditech-2022-international-health-fair-12-a-15-de-julho-de-2022\/\"><\/a><\/div><div class=\"eael-entry-thumbnail\">\n                <img decoding=\"async\" src=\"https:\/\/www.bioclin.com.br\/es\/wp-content\/uploads\/2022\/08\/MEDITECH-1-300x169.png\" alt=\"\">\n                <a href=\"https:\/\/www.bioclin.com.br\/es\/bioclin-feira-meditech-vii-meditech-2022-international-health-fair-12-a-15-de-julho-de-2022\/\"><\/a>\n            <\/div><\/div><span class=\"eael-meta-posted-on\"><time datetime=\"2022-08-22\"><span>22<\/span>agosto<\/time><\/span><div class=\"eael-entry-wrapper\"><header class=\"eael-entry-header\"><h2 class=\"eael-entry-title\"><a class=\"eael-grid-post-link\" href=\"https:\/\/www.bioclin.com.br\/es\/bioclin-feira-meditech-vii-meditech-2022-international-health-fair-12-a-15-de-julho-de-2022\/\" title=\"FEIRA MEDITECH\">FEIRA MEDITECH<\/a><\/h2><\/header><\/div><div class=\"eael-entry-content\">\n            <div class=\"eael-grid-post-excerpt\"><p>Bioclin\u00a0Global participar\u00e1\u00a0en\u00a0la\u00a0S\u00e9ptima\u00a0Feria Internacional de\u00a0la\u00a0Salud\u00a0Meditech\u00a02022,\u00a0un\u00a0evento\u00a0que reunir\u00e1 a empresas y\u00a0profesionales\u00a0del\u00a0sector de\u00a0la\u00a0salud.\u200b Meditech\u00a02022\u00a0cuenta\u00a0con\u00a0los\u00a0principales\u00a0representantes...<\/p><div class=\"eael-post-elements-readmore-wrap\"><a href=\"https:\/\/www.bioclin.com.br\/es\/bioclin-feira-meditech-vii-meditech-2022-international-health-fair-12-a-15-de-julho-de-2022\/\" class=\"eael-post-elements-readmore-btn\">SABER M\u00c1S<\/a><\/div><\/div>\n        <\/div><\/div><\/div><\/article><\/div><div class=\"swiper-slide\"><article class=\"eael-grid-post eael-post-grid-column\">\n    <div class=\"eael-grid-post-holder\">\n        <div class=\"eael-grid-post-holder-inner\"><div class=\"eael-entry-media eael-entry-medianone\"><ul class=\"post-carousel-categories\"><li><a href=\"https:\/\/www.bioclin.com.br\/es\/category\/noticias\/\">Not\u00edcias<\/a><\/li><\/ul><div class=\"eael-entry-overlay fade-in\"><i class=\"fas fa-long-arrow-alt-right\" aria-hidden=\"true\"><\/i><a href=\"https:\/\/www.bioclin.com.br\/es\/chikungunya\/\"><\/a><\/div><div class=\"eael-entry-thumbnail\">\n                <img decoding=\"async\" src=\"https:\/\/www.bioclin.com.br\/es\/wp-content\/uploads\/2022\/08\/artigo-Chikungunya-300x169.png\" alt=\"\">\n                <a href=\"https:\/\/www.bioclin.com.br\/es\/chikungunya\/\"><\/a>\n            <\/div><\/div><span class=\"eael-meta-posted-on\"><time datetime=\"2022-08-05\"><span>05<\/span>agosto<\/time><\/span><div class=\"eael-entry-wrapper\"><header class=\"eael-entry-header\"><h2 class=\"eael-entry-title\"><a class=\"eael-grid-post-link\" href=\"https:\/\/www.bioclin.com.br\/es\/chikungunya\/\" title=\"Chikungunya\">Chikungunya<\/a><\/h2><\/header><\/div><div class=\"eael-entry-content\">\n            <div class=\"eael-grid-post-excerpt\"><p>Chikungunya es uno de los arbovirus transmitidos por el mosquito...<\/p><div class=\"eael-post-elements-readmore-wrap\"><a href=\"https:\/\/www.bioclin.com.br\/es\/chikungunya\/\" class=\"eael-post-elements-readmore-btn\">SABER M\u00c1S<\/a><\/div><\/div>\n        <\/div><\/div><\/div><\/article><\/div><div class=\"swiper-slide\"><article class=\"eael-grid-post eael-post-grid-column\">\n    <div class=\"eael-grid-post-holder\">\n        <div class=\"eael-grid-post-holder-inner\"><div class=\"eael-entry-media eael-entry-medianone\"><ul class=\"post-carousel-categories\"><li><a href=\"https:\/\/www.bioclin.com.br\/es\/category\/noticias\/\">Not\u00edcias<\/a><\/li><\/ul><div class=\"eael-entry-overlay fade-in\"><i class=\"fas fa-long-arrow-alt-right\" aria-hidden=\"true\"><\/i><a href=\"https:\/\/www.bioclin.com.br\/es\/autoprueba\/\"><\/a><\/div><div class=\"eael-entry-thumbnail\">\n                <img decoding=\"async\" src=\"https:\/\/www.bioclin.com.br\/es\/wp-content\/uploads\/2022\/08\/artigo-autoteste-espanhol-300x169.png\" alt=\"\">\n                <a href=\"https:\/\/www.bioclin.com.br\/es\/autoprueba\/\"><\/a>\n            <\/div><\/div><span class=\"eael-meta-posted-on\"><time datetime=\"2022-08-05\"><span>05<\/span>agosto<\/time><\/span><div class=\"eael-entry-wrapper\"><header class=\"eael-entry-header\"><h2 class=\"eael-entry-title\"><a class=\"eael-grid-post-link\" href=\"https:\/\/www.bioclin.com.br\/es\/autoprueba\/\" title=\"Autotest\">Autotest<\/a><\/h2><\/header><\/div><div class=\"eael-entry-content\">\n            <div class=\"eael-grid-post-excerpt\"><p>\u00a1Vea m\u00e1s noticia de Bioclin! Lanzamiento de Bioclin Fast COVID-19...<\/p><div class=\"eael-post-elements-readmore-wrap\"><a href=\"https:\/\/www.bioclin.com.br\/es\/autoprueba\/\" class=\"eael-post-elements-readmore-btn\">SABER M\u00c1S<\/a><\/div><\/div>\n        <\/div><\/div><\/div><\/article><\/div>                <\/div>\n            <\/div>\n            <div class=\"clearfix\"><\/div>\n                                    <!-- Add Arrows -->\n            <div class=\"swiper-button-next swiper-button-next-392843e5\">\n                <i class=\"fa fa-arrow-circle-right\"><\/i>\n            <\/div>\n            <div class=\"swiper-button-prev swiper-button-prev-392843e5\">\n                <i class=\"fa fa-arrow-circle-left\"><\/i>\n            <\/div>\n        <\/div>\n        \t\t<\/div>\n\t\t\t\t<\/div>\n\t\t\t\t\t<\/div>\n\t\t<\/div>\n\t\t\t\t\t\t\t<\/div>\n\t\t<\/section>\n\t\t\t\t\t<\/div>\n\t\t<\/div>\n\t\t\t\t\t\t\t<\/div>\n\t\t<\/section>\n\t\t\t\t\t\t\t<\/div>\n\t\t","protected":false},"excerpt":{"rendered":"<p>Contenidos t\u00e9cnicos Informaci\u00f3n pr\u00f3ximamente! No posts found!<\/p>\n","protected":false},"author":1,"featured_media":0,"parent":0,"menu_order":0,"comment_status":"closed","ping_status":"closed","template":"elementor_header_footer","meta":{"footnotes":"","_links_to":"","_links_to_target":""},"class_list":["post-911","page","type-page","status-publish","hentry"],"_links":{"self":[{"href":"https:\/\/www.bioclin.com.br\/es\/wp-json\/wp\/v2\/pages\/911","targetHints":{"allow":["GET"]}}],"collection":[{"href":"https:\/\/www.bioclin.com.br\/es\/wp-json\/wp\/v2\/pages"}],"about":[{"href":"https:\/\/www.bioclin.com.br\/es\/wp-json\/wp\/v2\/types\/page"}],"author":[{"embeddable":true,"href":"https:\/\/www.bioclin.com.br\/es\/wp-json\/wp\/v2\/users\/1"}],"replies":[{"embeddable":true,"href":"https:\/\/www.bioclin.com.br\/es\/wp-json\/wp\/v2\/comments?post=911"}],"version-history":[{"count":0,"href":"https:\/\/www.bioclin.com.br\/es\/wp-json\/wp\/v2\/pages\/911\/revisions"}],"wp:attachment":[{"href":"https:\/\/www.bioclin.com.br\/es\/wp-json\/wp\/v2\/media?parent=911"}],"curies":[{"name":"wp","href":"https:\/\/api.w.org\/{rel}","templated":true}]}}